{"id":48927,"date":"2025-12-14T12:50:11","date_gmt":"2025-12-14T12:50:11","guid":{"rendered":"https:\/\/apkabink.lt\/?post_type=product&#038;p=48927"},"modified":"2025-12-16T18:09:53","modified_gmt":"2025-12-16T18:09:53","slug":"dovanu-kuponas-dideliam-zaisliukui","status":"publish","type":"product","link":"https:\/\/apkabink.lt\/en\/index.php\/product\/dovanu-kuponas-dideliam-zaisliukui\/","title":{"rendered":"DOVAN\u0172 KUPONAS DIDELIAM \u017dAISLIUKUI"},"content":{"rendered":"<p>Naudojimosi dovan\u0173 kuponu taisykl\u0117s:<\/p>\n<p>1. Dovan\u0173 kuponas \u012f pinigus yra nekei\u010diamas<\/p>\n<p>2. Dovan\u0173 kuponas galioja 6 m\u0117nesius nuo \u012fsigyjimo datos, jo galiojimas yra neprat\u0119siamas<\/p>\n<p>3. Nei\u0161naudojus visos dovan\u0173 kupone nurodytos sumos, skirtumas negr\u0105\u017einamas<\/p>\n<p>4. Vien\u0105 dovan\u0173 kupon\u0105 galima panaudoti tik kart\u0105<\/p>\n<p>5. Dovan\u0173 kuponas galioja \u012fsigyjant bet kok\u012f m\u016bs\u0173 kuriam\u0105 produkt\u0105<\/p>\n<p>6. Dovan\u0173 kuponu \u012fsigyti kito dovan\u0173 kupono negalima<\/p>\n","protected":false},"excerpt":{"rendered":"<p>Naudojimosi dovan\u0173 kuponu taisykl\u0117s: 1. Dovan\u0173 kuponas \u012f pinigus yra nekei\u010diamas 2. Dovan\u0173 kuponas galioja 6 m\u0117nesius nuo \u012fsigyjimo datos, jo galiojimas yra neprat\u0119siamas 3. Nei\u0161naudojus visos dovan\u0173 kupone nurodytos sumos, skirtumas negr\u0105\u017einamas 4. Vien\u0105 dovan\u0173 kupon\u0105 galima panaudoti tik kart\u0105 5. Dovan\u0173 kuponas galioja \u012fsigyjant bet kok\u012f m\u016bs\u0173 kuriam\u0105 produkt\u0105 6. Dovan\u0173 kuponu \u012fsigyti [&hellip;]<\/p>\n","protected":false},"featured_media":48925,"comment_status":"open","ping_status":"closed","template":"","meta":[],"product_brand":[],"product_cat":[150],"product_tag":[],"class_list":{"0":"post-48927","1":"product","2":"type-product","3":"status-publish","4":"has-post-thumbnail","6":"product_cat-kiskis","9":"first","10":"instock","11":"shipping-taxable","12":"purchasable","13":"product-type-variable"},"_links":{"self":[{"href":"https:\/\/apkabink.lt\/en\/index.php\/wp-json\/wp\/v2\/product\/48927","targetHints":{"allow":["GET"]}}],"collection":[{"href":"https:\/\/apkabink.lt\/en\/index.php\/wp-json\/wp\/v2\/product"}],"about":[{"href":"https:\/\/apkabink.lt\/en\/index.php\/wp-json\/wp\/v2\/types\/product"}],"replies":[{"embeddable":true,"href":"https:\/\/apkabink.lt\/en\/index.php\/wp-json\/wp\/v2\/comments?post=48927"}],"wp:featuredmedia":[{"embeddable":true,"href":"https:\/\/apkabink.lt\/en\/index.php\/wp-json\/wp\/v2\/media\/48925"}],"wp:attachment":[{"href":"https:\/\/apkabink.lt\/en\/index.php\/wp-json\/wp\/v2\/media?parent=48927"}],"wp:term":[{"taxonomy":"product_brand","embeddable":true,"href":"https:\/\/apkabink.lt\/en\/index.php\/wp-json\/wp\/v2\/product_brand?post=48927"},{"taxonomy":"product_cat","embeddable":true,"href":"https:\/\/apkabink.lt\/en\/index.php\/wp-json\/wp\/v2\/product_cat?post=48927"},{"taxonomy":"product_tag","embeddable":true,"href":"https:\/\/apkabink.lt\/en\/index.php\/wp-json\/wp\/v2\/product_tag?post=48927"}],"curies":[{"name":"wp","href":"https:\/\/api.w.org\/{rel}","templated":true}]}}