{"id":39116,"date":"2022-08-15T04:14:00","date_gmt":"2022-08-15T04:14:00","guid":{"rendered":"https:\/\/buny.wpbingosite.com\/?post_type=product&#038;p=39116"},"modified":"2025-12-14T12:20:00","modified_gmt":"2025-12-14T12:20:00","slug":"the-rest-shortie-snowberry","status":"publish","type":"product","link":"https:\/\/apkabink.lt\/en\/index.php\/product\/the-rest-shortie-snowberry\/","title":{"rendered":"MA\u017dAS ME\u0160KUTIS"},"content":{"rendered":"<p><span style=\"font-weight: 400;\">Ma\u017eas me\u0161kiukas (30CM), pagamintas i\u0161 pirm\u0173j\u0173 J\u016bs\u0173 k\u016bdikio drabu\u017e\u0117li\u0173.<\/span><\/p>\n<p><span style=\"font-weight: 400;\">Jei norite, galite pasirinkti, kad \u017eaisliukas b\u016bt\u0173 su vaiku\u010dio vardu, gimimo data arba QR kodu, vedan\u010diu \u012f J\u016bs\u0173 privat\u0173 virtual\u0173 album\u0105. Pasirinkus visus tris variantus, ant vienos me\u0161kiuko kojyt\u0117s bus vardas, ant kitos gimimo data, o QR kodas \u2013 \u012flaminuotame apvalkale, kaip priedas ant kaspin\u0117lio. Jei renkat\u0117s tik dvi paslaugas \u2013 vienas u\u017era\u0161as bus ant vienos kojyt\u0117s, o kitas ant kitos.<\/span><\/p>\n<p>Nuotrauka yra pavyzdin\u0117, visi \u017eaisliukai labai gra\u017e\u016bs, unikal\u016bs ir nepakartojami. Kadangi si\u016bname i\u0161 J\u016bs\u0173 k\u016bdikio drabu\u017e\u0117li\u0173, galite nurodyti, kurioje vietoje, koki\u0105 drabu\u017eio detal\u0119 nor\u0117tum\u0117te matyti, bet tai tikrai n\u0117ra b\u016btina. Taip pat, jei perkate me\u0161kiuk\u0105 su QR kodo paslauga \u2013 prid\u0117kite nuorod\u0105 \u012f privat\u0173 album\u0105 (google drive, priva\u010dios Instagram paskyros ar pana\u0161iai) ir mes sugeneruosime J\u016bs\u0173 i\u0161skirtin\u012f QR kod\u0105, kuris ir puikuosis ant \u017eaislo p\u0117dut\u0117s arba kaspin\u0117lio.<br \/>\n<br style=\"font-weight: 400;\" \/><br style=\"font-weight: 400;\" \/><\/p>\n","protected":false},"excerpt":{"rendered":"<p>Ma\u017eas me\u0161kiukas (30CM), pagamintas i\u0161 pirm\u0173j\u0173 J\u016bs\u0173 k\u016bdikio drabu\u017e\u0117li\u0173. Jei norite, galite pasirinkti, kad \u017eaisliukas b\u016bt\u0173 su vaiku\u010dio vardu, gimimo data arba QR kodu, vedan\u010diu \u012f J\u016bs\u0173 privat\u0173 virtual\u0173 album\u0105. Pasirinkus visus tris variantus, ant vienos me\u0161kiuko kojyt\u0117s bus vardas, ant kitos gimimo data, o QR kodas \u2013 \u012flaminuotame apvalkale, kaip priedas ant kaspin\u0117lio. Jei [&hellip;]<\/p>\n","protected":false},"featured_media":48756,"comment_status":"open","ping_status":"closed","template":"","meta":[],"product_brand":[],"product_cat":[151],"product_tag":[],"class_list":{"0":"post-39116","1":"product","2":"type-product","3":"status-publish","4":"has-post-thumbnail","6":"product_cat-meskutis","9":"first","10":"instock","11":"shipping-taxable","12":"purchasable","13":"product-type-variable"},"_links":{"self":[{"href":"https:\/\/apkabink.lt\/en\/index.php\/wp-json\/wp\/v2\/product\/39116","targetHints":{"allow":["GET"]}}],"collection":[{"href":"https:\/\/apkabink.lt\/en\/index.php\/wp-json\/wp\/v2\/product"}],"about":[{"href":"https:\/\/apkabink.lt\/en\/index.php\/wp-json\/wp\/v2\/types\/product"}],"replies":[{"embeddable":true,"href":"https:\/\/apkabink.lt\/en\/index.php\/wp-json\/wp\/v2\/comments?post=39116"}],"wp:featuredmedia":[{"embeddable":true,"href":"https:\/\/apkabink.lt\/en\/index.php\/wp-json\/wp\/v2\/media\/48756"}],"wp:attachment":[{"href":"https:\/\/apkabink.lt\/en\/index.php\/wp-json\/wp\/v2\/media?parent=39116"}],"wp:term":[{"taxonomy":"product_brand","embeddable":true,"href":"https:\/\/apkabink.lt\/en\/index.php\/wp-json\/wp\/v2\/product_brand?post=39116"},{"taxonomy":"product_cat","embeddable":true,"href":"https:\/\/apkabink.lt\/en\/index.php\/wp-json\/wp\/v2\/product_cat?post=39116"},{"taxonomy":"product_tag","embeddable":true,"href":"https:\/\/apkabink.lt\/en\/index.php\/wp-json\/wp\/v2\/product_tag?post=39116"}],"curies":[{"name":"wp","href":"https:\/\/api.w.org\/{rel}","templated":true}]}}