{"id":9095,"date":"2020-01-13T06:50:18","date_gmt":"2020-01-13T06:50:18","guid":{"rendered":"https:\/\/buny.wpbingosite.com\/?page_id=9095"},"modified":"2025-12-13T11:46:45","modified_gmt":"2025-12-13T11:46:45","slug":"about-us","status":"publish","type":"page","link":"https:\/\/apkabink.lt\/en\/index.php\/about-us\/","title":{"rendered":"About Us"},"content":{"rendered":"\t\t<div data-elementor-type=\"wp-page\" data-elementor-id=\"9095\" class=\"elementor elementor-9095\">\n\t\t\t\t\t\t<section class=\"elementor-section elementor-top-section elementor-element elementor-element-bf07af2 elementor-section-boxed elementor-section-height-default elementor-section-height-default\" data-id=\"bf07af2\" data-element_type=\"section\" data-settings=\"{&quot;background_background&quot;:&quot;classic&quot;}\">\n\t\t\t\t\t\t<div class=\"elementor-container elementor-column-gap-default\">\n\t\t\t\t\t<div class=\"elementor-column elementor-col-100 elementor-top-column elementor-element elementor-element-470afd1\" data-id=\"470afd1\" data-element_type=\"column\">\n\t\t\t<div class=\"elementor-widget-wrap\">\n\t\t\t\t\t\t\t<\/div>\n\t\t<\/div>\n\t\t\t\t\t<\/div>\n\t\t<\/section>\n\t\t\t\t<section class=\"elementor-section elementor-top-section elementor-element elementor-element-19573cd elementor-section-boxed elementor-section-height-default elementor-section-height-default\" data-id=\"19573cd\" data-element_type=\"section\">\n\t\t\t\t\t\t<div class=\"elementor-container elementor-column-gap-default\">\n\t\t\t\t\t<div class=\"elementor-column elementor-col-50 elementor-top-column elementor-element elementor-element-0eb14f0\" data-id=\"0eb14f0\" data-element_type=\"column\">\n\t\t\t<div class=\"elementor-widget-wrap elementor-element-populated\">\n\t\t\t\t\t\t<div class=\"elementor-element elementor-element-8f17433 elementor-widget__width-auto elementor-absolute elementor-invisible elementor-widget elementor-widget-image\" data-id=\"8f17433\" data-element_type=\"widget\" data-settings=\"{&quot;_position&quot;:&quot;absolute&quot;,&quot;_animation&quot;:&quot;fadeInRight&quot;}\" data-widget_type=\"image.default\">\n\t\t\t\t\t\t\t\t\t\t\t\t\t\t\t<img decoding=\"async\" width=\"112\" height=\"103\" src=\"https:\/\/apkabink.lt\/wp-content\/uploads\/2023\/11\/sun.png\" class=\"attachment-large size-large wp-image-47212\" alt=\"\" \/>\t\t\t\t\t\t\t\t\t\t\t\t\t\t\t<\/div>\n\t\t\t\t<div class=\"elementor-element elementor-element-6e6ae7d elementor-widget elementor-widget-bwp_slider\" data-id=\"6e6ae7d\" data-element_type=\"widget\" data-widget_type=\"bwp_slider.default\">\n\t\t\t\t<div class=\"elementor-widget-container\">\n\t\t\t\t\t\t\t<div class=\"bwp-slider clipped-content-show slider nav-show-always2\">\r\n\t\t<div class=\"slick-carousel slick-carousel-center\" data-autoplay=\"false\" data-centermode=\"true\" data-nav=\"true\" data-dots=\"false\" data-columns4=\"1\" data-columns3=\"1\" data-columns2=\"1\" data-columns1=\"1\" data-columns=\"1\" >\r\n\t\t\t\t\t\t\t<div class=\"item\">\r\n\t\t\t\t\t<div class=\"slider-container\">\r\n\t\t\t\t\t\t\t\t\t\t\t\t\t<div class=\"content-image\">\r\n\t\t\t\t\t\t\t\t<a href=\"https:\/\/buny.wpbingosite.com\/shop\/\">\r\n\t\t\t\t\t\t\t\t\t<img decoding=\"async\" class=\"fade-in lazyload\" src=\"https:\/\/apkabink.lt\/wp-content\/uploads\/2025\/12\/image00039-scaled.jpeg\" alt=\"Image Slider\">\r\n\t\t\t\t\t\t\t\t<\/a>\r\n\t\t\t\t\t\t\t<\/div>\r\n\t\t\t\t\t\t\t\t\t\t\t\t<div class=\"slider-content\">\r\n\t\t\t\t\t\t\t<div class=\"content-info\">\r\n\t\t\t\t\t\t\t\t\t\t\t\t\t\t\t\t\t\t\t\t\t\t\t\t\t\t\t\t\t\t\t\t\t\t\t\t\t\t\t<\/div>\r\n\t\t\t\t\t\t<\/div>\r\n\t\t\t\t\t<\/div>\r\n\t\t\t\t<\/div>\r\n\t\t\t\t\t<\/div>\r\n\t<\/div>\r\n\t\t\t\t<\/div>\n\t\t\t\t<\/div>\n\t\t\t\t\t<\/div>\n\t\t<\/div>\n\t\t\t\t<div class=\"elementor-column elementor-col-50 elementor-top-column elementor-element elementor-element-dab3ca7\" data-id=\"dab3ca7\" data-element_type=\"column\">\n\t\t\t<div class=\"elementor-widget-wrap elementor-element-populated\">\n\t\t\t\t\t\t<section class=\"elementor-section elementor-inner-section elementor-element elementor-element-3dfb471 elementor-section-boxed elementor-section-height-default elementor-section-height-default\" data-id=\"3dfb471\" data-element_type=\"section\">\n\t\t\t\t\t\t<div class=\"elementor-container elementor-column-gap-default\">\n\t\t\t\t\t<div class=\"elementor-column elementor-col-100 elementor-inner-column elementor-element elementor-element-445dcb4\" data-id=\"445dcb4\" data-element_type=\"column\">\n\t\t\t<div class=\"elementor-widget-wrap elementor-element-populated\">\n\t\t\t\t\t\t<div class=\"elementor-element elementor-element-f6a0291 elementor-widget elementor-widget-heading\" data-id=\"f6a0291\" data-element_type=\"widget\" data-widget_type=\"heading.default\">\n\t\t\t\t\t<h2 class=\"elementor-heading-title elementor-size-default\">Kas a\u0161, bei k\u0105 ir kod\u0117l \u010dia Jums si\u016blau?<\/h2>\t\t\t\t<\/div>\n\t\t\t\t<div class=\"elementor-element elementor-element-c48014e elementor-widget__width-auto elementor-absolute elementor-widget elementor-widget-image\" data-id=\"c48014e\" data-element_type=\"widget\" data-settings=\"{&quot;_position&quot;:&quot;absolute&quot;}\" data-widget_type=\"image.default\">\n\t\t\t\t\t\t\t\t\t\t\t\t\t\t\t<img decoding=\"async\" width=\"64\" height=\"61\" src=\"https:\/\/apkabink.lt\/wp-content\/uploads\/2023\/12\/ellipse.png\" class=\"attachment-large size-large wp-image-47713\" alt=\"\" \/>\t\t\t\t\t\t\t\t\t\t\t\t\t\t\t<\/div>\n\t\t\t\t<div class=\"elementor-element elementor-element-524f64c elementor-widget elementor-widget-text-editor\" data-id=\"524f64c\" data-element_type=\"widget\" data-widget_type=\"text-editor.default\">\n\t\t\t\t\t\t\t\t\t<p>Sveiki, a\u0161 \u2013 Aust\u0117ja. Niekada nebuvau sentimentali. Daiktai man nebuvo itin svarb\u016bs. Pamestos pir\u0161tin\u0117s, raktai ar net nuotrauk\u0173 albumai nek\u0117l\u0117 jokio ilgesio. Esu sudau\u017eiusi ne vien\u0105 ind\u0105, sulau\u017eiusi \u012fvairi\u0173 nieku\u010di\u0173&nbsp; ir visk\u0105 ramia \u0161irdimi i\u0161mesdavau. Atrod\u0117, kad tik pinigai nusako&nbsp; daikt\u0173 vert\u0119. Manau, b\u016b\u010diau sunerimusi d\u0117l prarasto dvira\u010dio, kompiuterio ar telefono, o d\u0117l kit\u0173 materiali\u0173 dalyk\u0173 net nesukdavau sau galvos.<\/p><p>Viskas pasikeit\u0117, kai gim\u0117 dukryt\u0117. Ma\u017ey\u010diai jos drabu\u017e\u0117liai tapo tarsi laiko kapsul\u0117mis, primenan\u010diomis brangias akimirkas. Aprengta raudonu kombinezoniuku, ji pirm\u0105 kart\u0105 mums nusi\u0161ypsojo. Ropoti prad\u0117jo su ramun\u0117mis i\u0161margintomis keln\u0117mis, o vaik\u0161\u010dioti \u2013 aprengta geltonai \u2013 kaip saulyt\u0117. Atrodo juokinga, bet kai \u017ei\u016briu \u012f tuos drabu\u017e\u0117lius, matau ne tik audin\u012f. Prie\u0161 akis i\u0161kyla visi pirmieji kartai, trapus gyvenimo patir\u010di\u0173 stebuklas. Kiekvienas r\u016bbelis saugo pirm\u0105 \u0161ypsen\u0105, pirm\u0105 apkabinim\u0105, pirm\u0105 \u017eingsn\u012f. Kaskart \u017evelgiu \u012f juos su virpan\u010dia \u0161irdimi.&nbsp;<\/p><p>K\u016bdikiai greit auga, j\u0173 drabu\u017e\u0117lius kei\u010dia kiti \u2013 didesni. O ankstesnieji b\u016bna i\u0161dovanojami, pasimeta persikraustym\u0173 metu, arba iki papilk\u0117jimo t\u016bno spintose. Net ir tie keli, menantys brangiausias akimirkas\u2026 Nenoriu, kad taip b\u016bt\u0173. Trok\u0161tu i\u0161saugoti k\u016bdikyst\u0117s prisiminim\u0173 \u0161ilum\u0105.&nbsp;<\/p><p>Paklausiau savo mamos apie mano pirmuosius apdarus. Ji taip smagiai pasakojo, kad gimdymo namuose buvau papuo\u0161ta baltu \u0161liau\u017etinuku su vy\u0161nyt\u0117mis. \u017dinoma, kad dabar jo neb\u0117ra. Niekam ir \u012f galv\u0105 neat\u0117jo mintis i\u0161saugoti n\u0117 skiautel\u0117s to audinio. O juk jis sl\u0117p\u0117 tiek skaidri\u0173 prisiminim\u0173, miel\u0173 sentiment\u0173. Jis yra mano pirmosios dienos pasaulyje dalis. Dabar jau\u010diu li\u016bdes\u012f. Keista, kad \u0161is jausmas gali b\u016bti kuriantysis. B\u016btent i\u0161 jo ir gim\u0117 ,,Apkabink\u201c.<\/p><p>Mintis paprasta: kod\u0117l i\u0161 k\u016bdikio pirm\u0173j\u0173 drabu\u017e\u0117li\u0173 nepadarius ko nors ilgaam\u017ei\u0161kesnio? I\u0161 j\u0173 pasi\u016bti me\u0161kiukai ar ki\u0161ku\u010diai tampa ne tik \u017eaislais, bet ir prisiminim\u0173 saugotojais. Prid\u0117jus vard\u0105, gimimo dat\u0105 ar QR kod\u0105, jie gali tapti ir virtualiu albumu, talpinan\u010diu nuotraukas, vaizdo \u012fra\u0161us bei apra\u0161ymus. \u0160is ma\u017eas stebukl\u0117lis gali ilgai i\u0161likti su jumis arba tapti ypatinga dovana j\u016bs\u0173 jau suaugusiam s\u016bnui arba dukrai.<\/p><p>Sentimentai \u2013 tai meil\u0117, kuri\u0105 norisi i\u0161saugoti ir ja dalintis. Gal ir J\u016bs panor\u0117site \u012fam\u017einti d\u017eiugesio kupinas akimirkas su savo vaiku\u010diu? Labai to linkiu ir si\u016blau Jums galimyb\u0119 sukurti prisiminimus, kuriuos b\u016bt\u0173 galima apkabinti.<\/p><div><br><\/div>\t\t\t\t\t\t\t\t<\/div>\n\t\t\t\t\t<\/div>\n\t\t<\/div>\n\t\t\t\t\t<\/div>\n\t\t<\/section>\n\t\t\t\t\t<\/div>\n\t\t<\/div>\n\t\t\t\t\t<\/div>\n\t\t<\/section>\n\t\t\t\t<\/div>\n\t\t","protected":false},"excerpt":{"rendered":"<p>Kas a\u0161, bei k\u0105 ir kod\u0117l \u010dia Jums si\u016blau? Sveiki, a\u0161 \u2013 Aust\u0117ja. Niekada nebuvau sentimentali. Daiktai man nebuvo itin svarb\u016bs. Pamestos pir\u0161tin\u0117s, raktai ar net nuotrauk\u0173 albumai nek\u0117l\u0117 jokio ilgesio. Esu sudau\u017eiusi ne vien\u0105 ind\u0105, sulau\u017eiusi \u012fvairi\u0173 nieku\u010di\u0173&nbsp; ir visk\u0105 ramia \u0161irdimi i\u0161mesdavau. Atrod\u0117, kad tik pinigai nusako&nbsp; daikt\u0173 vert\u0119. Manau, b\u016b\u010diau sunerimusi d\u0117l [&hellip;]<\/p>\n","protected":false},"author":1,"featured_media":0,"parent":0,"menu_order":0,"comment_status":"closed","ping_status":"closed","template":"page-templates\/homepage.php","meta":{"footnotes":""},"class_list":["post-9095","page","type-page","status-publish","hentry"],"_links":{"self":[{"href":"https:\/\/apkabink.lt\/en\/index.php\/wp-json\/wp\/v2\/pages\/9095","targetHints":{"allow":["GET"]}}],"collection":[{"href":"https:\/\/apkabink.lt\/en\/index.php\/wp-json\/wp\/v2\/pages"}],"about":[{"href":"https:\/\/apkabink.lt\/en\/index.php\/wp-json\/wp\/v2\/types\/page"}],"author":[{"embeddable":true,"href":"https:\/\/apkabink.lt\/en\/index.php\/wp-json\/wp\/v2\/users\/1"}],"replies":[{"embeddable":true,"href":"https:\/\/apkabink.lt\/en\/index.php\/wp-json\/wp\/v2\/comments?post=9095"}],"version-history":[{"count":15,"href":"https:\/\/apkabink.lt\/en\/index.php\/wp-json\/wp\/v2\/pages\/9095\/revisions"}],"predecessor-version":[{"id":48899,"href":"https:\/\/apkabink.lt\/en\/index.php\/wp-json\/wp\/v2\/pages\/9095\/revisions\/48899"}],"wp:attachment":[{"href":"https:\/\/apkabink.lt\/en\/index.php\/wp-json\/wp\/v2\/media?parent=9095"}],"curies":[{"name":"wp","href":"https:\/\/api.w.org\/{rel}","templated":true}]}}